{"id":25,"date":"2023-11-01T08:34:44","date_gmt":"2023-11-01T07:34:44","guid":{"rendered":"http:\/\/www.palochus.com\/?page_id=25"},"modified":"2023-11-02T08:44:58","modified_gmt":"2023-11-02T07:44:58","slug":"about","status":"publish","type":"page","link":"http:\/\/www.palochus.com\/?page_id=25","title":{"rendered":"R\u00d3LUNK"},"content":{"rendered":"\t\t<div data-elementor-type=\"wp-page\" data-elementor-id=\"25\" class=\"elementor elementor-25\">\n\t\t\t\t<div class=\"elementor-element elementor-element-722b93e e-flex e-con-boxed e-con e-parent\" data-id=\"722b93e\" data-element_type=\"container\">\n\t\t\t\t\t<div class=\"e-con-inner\">\n\t\t\t\t<div class=\"elementor-element elementor-element-56dda8d elementor-widget elementor-widget-video\" data-id=\"56dda8d\" data-element_type=\"widget\" data-settings=\"{&quot;video_type&quot;:&quot;hosted&quot;,&quot;autoplay&quot;:&quot;yes&quot;,&quot;loop&quot;:&quot;yes&quot;,&quot;controls&quot;:&quot;yes&quot;}\" data-widget_type=\"video.default\">\n\t\t\t\t<div class=\"elementor-widget-container\">\n\t\t\t<style>\/*! elementor - v3.23.0 - 15-07-2024 *\/\n.elementor-widget-video .elementor-widget-container{overflow:hidden;transform:translateZ(0)}.elementor-widget-video .elementor-wrapper{aspect-ratio:var(--video-aspect-ratio)}.elementor-widget-video .elementor-wrapper iframe,.elementor-widget-video .elementor-wrapper video{height:100%;width:100%;display:flex;border:none;background-color:#000}@supports not (aspect-ratio:1\/1){.elementor-widget-video .elementor-wrapper{position:relative;overflow:hidden;height:0;padding-bottom:calc(100% \/ var(--video-aspect-ratio))}.elementor-widget-video .elementor-wrapper iframe,.elementor-widget-video .elementor-wrapper video{position:absolute;top:0;right:0;bottom:0;left:0}}.elementor-widget-video .elementor-open-inline .elementor-custom-embed-image-overlay{position:absolute;top:0;right:0;bottom:0;left:0;background-size:cover;background-position:50%}.elementor-widget-video .elementor-custom-embed-image-overlay{cursor:pointer;text-align:center}.elementor-widget-video .elementor-custom-embed-image-overlay:hover .elementor-custom-embed-play i{opacity:1}.elementor-widget-video .elementor-custom-embed-image-overlay img{display:block;width:100%;aspect-ratio:var(--video-aspect-ratio);-o-object-fit:cover;object-fit:cover;-o-object-position:center center;object-position:center center}@supports not (aspect-ratio:1\/1){.elementor-widget-video .elementor-custom-embed-image-overlay{position:relative;overflow:hidden;height:0;padding-bottom:calc(100% \/ var(--video-aspect-ratio))}.elementor-widget-video .elementor-custom-embed-image-overlay img{position:absolute;top:0;right:0;bottom:0;left:0}}.elementor-widget-video .e-hosted-video .elementor-video{-o-object-fit:cover;object-fit:cover}.e-con-inner>.elementor-widget-video,.e-con>.elementor-widget-video{width:var(--container-widget-width);--flex-grow:var(--container-widget-flex-grow)}<\/style>\t\t<div class=\"e-hosted-video elementor-wrapper elementor-open-inline\">\n\t\t\t\t\t<video class=\"elementor-video\" src=\"http:\/\/www.palochus.com\/wp-content\/uploads\/2023\/11\/PALOCHUS.mp4\" autoplay=\"\" loop=\"\" controls=\"\" controlsList=\"nodownload\"><\/video>\n\t\t\t\t<\/div>\n\t\t\t\t<\/div>\n\t\t\t\t<\/div>\n\t\t\t\t\t<\/div>\n\t\t\t\t<\/div>\n\t\t<div class=\"elementor-element elementor-element-5065277b e-flex e-con-boxed e-con e-parent\" data-id=\"5065277b\" data-element_type=\"container\">\n\t\t\t\t\t<div class=\"e-con-inner\">\n\t\t\t\t<div class=\"elementor-element elementor-element-773e6fea elementor-widget elementor-widget-text-editor\" data-id=\"773e6fea\" data-element_type=\"widget\" data-widget_type=\"text-editor.default\">\n\t\t\t\t<div class=\"elementor-widget-container\">\n\t\t\t<style>\/*! elementor - v3.23.0 - 15-07-2024 *\/\n.elementor-widget-text-editor.elementor-drop-cap-view-stacked .elementor-drop-cap{background-color:#69727d;color:#fff}.elementor-widget-text-editor.elementor-drop-cap-view-framed .elementor-drop-cap{color:#69727d;border:3px solid;background-color:transparent}.elementor-widget-text-editor:not(.elementor-drop-cap-view-default) .elementor-drop-cap{margin-top:8px}.elementor-widget-text-editor:not(.elementor-drop-cap-view-default) .elementor-drop-cap-letter{width:1em;height:1em}.elementor-widget-text-editor .elementor-drop-cap{float:left;text-align:center;line-height:1;font-size:50px}.elementor-widget-text-editor .elementor-drop-cap-letter{display:inline-block}<\/style>\t\t\t\t<p>A 2011-ben alap\u00edtott, 100%-ban magyar tulajdon\u00fa Pal\u00f3c H\u00fas KFT. kiz\u00e1r\u00f3lag magyar teny\u00e9szt\u0151k \u00e1ltal nevelt \u00e9s v\u00e1gott \u00e1llatokb\u00f3l k\u00e9sz\u00fclt alapanyagokkal \u00e1ll\u00edtja el\u0151 term\u00e9keit. Az adal\u00e9kanyagokt\u00f3l mentes \u00e1rukat nagy gondoss\u00e1ggal, \u00e9vsz\u00e1zados pal\u00f3cf\u00f6ldi receptek \u00edzvil\u00e1g\u00e1val k\u00e9sz\u00edtj\u00fck.<\/p>\n<p>A modern \u00fczem HACCP rendszerben m\u0171k\u00f6dik, az el\u0151\u00edr\u00e1sok szerinti nyomonk\u00f6vethet\u0151s\u00e9ggel \u00e9s az \u00e9lelmiszerhigi\u00e9nia biztos\u00edt\u00e1s\u00e1val.<\/p>\n<p>Besz\u00e1ll\u00edt\u00f3ink kiv\u00e1l\u00f3 min\u0151s\u00e9g\u0171 alapanyagai \u00e9s szaktud\u00e1sunk egy\u00fctt garant\u00e1lja a konstans min\u0151s\u00e9get \u00e9s megb\u00edzhat\u00f3s\u00e1got.<\/p>\t\t\t\t\t\t<\/div>\n\t\t\t\t<\/div>\n\t\t\t\t\t<\/div>\n\t\t\t\t<\/div>\n\t\t<div class=\"elementor-element elementor-element-b6cfa0c e-flex e-con-boxed e-con e-parent\" data-id=\"b6cfa0c\" data-element_type=\"container\">\n\t\t\t\t\t<div class=\"e-con-inner\">\n\t\t<div class=\"elementor-element elementor-element-8700afd e-con-full e-flex e-con e-child\" data-id=\"8700afd\" data-element_type=\"container\">\n\t\t\t\t<div class=\"elementor-element elementor-element-9de0c28 elementor-align-center elementor-widget elementor-widget-button\" data-id=\"9de0c28\" data-element_type=\"widget\" data-widget_type=\"button.default\">\n\t\t\t\t<div class=\"elementor-widget-container\">\n\t\t\t\t\t<div class=\"elementor-button-wrapper\">\n\t\t\t<a class=\"elementor-button elementor-button-link elementor-size-md\" href=\"http:\/\/www.palochus.com\/wp-content\/uploads\/2023\/11\/pro%20controllers%20igazol\u00e1s.pdf\">\n\t\t\t\t\t\t<span class=\"elementor-button-content-wrapper\">\n\t\t\t\t\t\t<span class=\"elementor-button-icon\">\n\t\t\t\t<svg aria-hidden=\"true\" class=\"e-font-icon-svg e-fas-file-upload\" viewBox=\"0 0 384 512\" xmlns=\"http:\/\/www.w3.org\/2000\/svg\"><path d=\"M224 136V0H24C10.7 0 0 10.7 0 24v464c0 13.3 10.7 24 24 24h336c13.3 0 24-10.7 24-24V160H248c-13.2 0-24-10.8-24-24zm65.18 216.01H224v80c0 8.84-7.16 16-16 16h-32c-8.84 0-16-7.16-16-16v-80H94.82c-14.28 0-21.41-17.29-11.27-27.36l96.42-95.7c6.65-6.61 17.39-6.61 24.04 0l96.42 95.7c10.15 10.07 3.03 27.36-11.25 27.36zM377 105L279.1 7c-4.5-4.5-10.6-7-17-7H256v128h128v-6.1c0-6.3-2.5-12.4-7-16.9z\"><\/path><\/svg>\t\t\t<\/span>\n\t\t\t\t\t\t\t\t\t<span class=\"elementor-button-text\">PRO CONTROLLERS IGAZOL\u00c1S<\/span>\n\t\t\t\t\t<\/span>\n\t\t\t\t\t<\/a>\n\t\t<\/div>\n\t\t\t\t<\/div>\n\t\t\t\t<\/div>\n\t\t\t\t<\/div>\n\t\t<div class=\"elementor-element elementor-element-24484c2 e-con-full e-flex e-con e-child\" data-id=\"24484c2\" data-element_type=\"container\">\n\t\t\t\t<div class=\"elementor-element elementor-element-0bee279 elementor-align-center elementor-widget elementor-widget-button\" data-id=\"0bee279\" data-element_type=\"widget\" data-widget_type=\"button.default\">\n\t\t\t\t<div class=\"elementor-widget-container\">\n\t\t\t\t\t<div class=\"elementor-button-wrapper\">\n\t\t\t<a class=\"elementor-button elementor-button-link elementor-size-md\" href=\"http:\/\/www.palochus.com\/wp-content\/uploads\/2023\/11\/biokontroll%20tan\u00fas\u00edt\u00f3%20lap.pdf\">\n\t\t\t\t\t\t<span class=\"elementor-button-content-wrapper\">\n\t\t\t\t\t\t<span class=\"elementor-button-icon\">\n\t\t\t\t<svg aria-hidden=\"true\" class=\"e-font-icon-svg e-fas-file-upload\" viewBox=\"0 0 384 512\" xmlns=\"http:\/\/www.w3.org\/2000\/svg\"><path d=\"M224 136V0H24C10.7 0 0 10.7 0 24v464c0 13.3 10.7 24 24 24h336c13.3 0 24-10.7 24-24V160H248c-13.2 0-24-10.8-24-24zm65.18 216.01H224v80c0 8.84-7.16 16-16 16h-32c-8.84 0-16-7.16-16-16v-80H94.82c-14.28 0-21.41-17.29-11.27-27.36l96.42-95.7c6.65-6.61 17.39-6.61 24.04 0l96.42 95.7c10.15 10.07 3.03 27.36-11.25 27.36zM377 105L279.1 7c-4.5-4.5-10.6-7-17-7H256v128h128v-6.1c0-6.3-2.5-12.4-7-16.9z\"><\/path><\/svg>\t\t\t<\/span>\n\t\t\t\t\t\t\t\t\t<span class=\"elementor-button-text\">BIOKONTROLL TAN\u00daS\u00cdT\u00d3 LAP<\/span>\n\t\t\t\t\t<\/span>\n\t\t\t\t\t<\/a>\n\t\t<\/div>\n\t\t\t\t<\/div>\n\t\t\t\t<\/div>\n\t\t\t\t<\/div>\n\t\t\t\t\t<\/div>\n\t\t\t\t<\/div>\n\t\t\t\t<\/div>\n\t\t","protected":false},"excerpt":{"rendered":"<p>http:\/\/www.palochus.com\/wp-content\/uploads\/2023\/11\/PALOCHUS.mp4 A 2011-ben alap\u00edtott, 100%-ban magyar tulajdon\u00fa Pal\u00f3c H\u00fas KFT. kiz\u00e1r\u00f3lag magyar teny\u00e9szt\u0151k \u00e1ltal nevelt \u00e9s v\u00e1gott \u00e1llatokb\u00f3l k\u00e9sz\u00fclt alapanyagokkal \u00e1ll\u00edtja el\u0151 term\u00e9keit. Az adal\u00e9kanyagokt\u00f3l mentes \u00e1rukat nagy gondoss\u00e1ggal, \u00e9vsz\u00e1zados pal\u00f3cf\u00f6ldi receptek \u00edzvil\u00e1g\u00e1val k\u00e9sz\u00edtj\u00fck. A modern \u00fczem HACCP rendszerben m\u0171k\u00f6dik, az el\u0151\u00edr\u00e1sok szerinti nyomonk\u00f6vethet\u0151s\u00e9ggel \u00e9s az \u00e9lelmiszerhigi\u00e9nia biztos\u00edt\u00e1s\u00e1val. Besz\u00e1ll\u00edt\u00f3ink kiv\u00e1l\u00f3 min\u0151s\u00e9g\u0171 alapanyagai \u00e9s szaktud\u00e1sunk egy\u00fctt &hellip; <\/p>\n<p class=\"link-more\"><a href=\"http:\/\/www.palochus.com\/?page_id=25\" class=\"more-link\">Read more<span class=\"screen-reader-text\"> &#8222;R\u00d3LUNK&#8221;<\/span><\/a><\/p>\n","protected":false},"author":1,"featured_media":50,"parent":0,"menu_order":0,"comment_status":"closed","ping_status":"closed","template":"","meta":{"footnotes":""},"class_list":["post-25","page","type-page","status-publish","has-post-thumbnail","hentry"],"_links":{"self":[{"href":"http:\/\/www.palochus.com\/index.php?rest_route=\/wp\/v2\/pages\/25","targetHints":{"allow":["GET"]}}],"collection":[{"href":"http:\/\/www.palochus.com\/index.php?rest_route=\/wp\/v2\/pages"}],"about":[{"href":"http:\/\/www.palochus.com\/index.php?rest_route=\/wp\/v2\/types\/page"}],"author":[{"embeddable":true,"href":"http:\/\/www.palochus.com\/index.php?rest_route=\/wp\/v2\/users\/1"}],"replies":[{"embeddable":true,"href":"http:\/\/www.palochus.com\/index.php?rest_route=%2Fwp%2Fv2%2Fcomments&post=25"}],"version-history":[{"count":20,"href":"http:\/\/www.palochus.com\/index.php?rest_route=\/wp\/v2\/pages\/25\/revisions"}],"predecessor-version":[{"id":78,"href":"http:\/\/www.palochus.com\/index.php?rest_route=\/wp\/v2\/pages\/25\/revisions\/78"}],"wp:featuredmedia":[{"embeddable":true,"href":"http:\/\/www.palochus.com\/index.php?rest_route=\/wp\/v2\/media\/50"}],"wp:attachment":[{"href":"http:\/\/www.palochus.com\/index.php?rest_route=%2Fwp%2Fv2%2Fmedia&parent=25"}],"curies":[{"name":"wp","href":"https:\/\/api.w.org\/{rel}","templated":true}]}}