{"id":80,"date":"2023-11-02T08:48:07","date_gmt":"2023-11-02T07:48:07","guid":{"rendered":"http:\/\/www.palochus.com\/?page_id=80"},"modified":"2023-11-06T10:53:54","modified_gmt":"2023-11-06T09:53:54","slug":"termekeink","status":"publish","type":"page","link":"http:\/\/www.palochus.com\/?page_id=80","title":{"rendered":"TERM\u00c9KEINK"},"content":{"rendered":"\t\t<div data-elementor-type=\"wp-page\" data-elementor-id=\"80\" class=\"elementor elementor-80\">\n\t\t\t\t<div class=\"elementor-element elementor-element-0c4b9de e-flex e-con-boxed e-con e-parent\" data-id=\"0c4b9de\" data-element_type=\"container\">\n\t\t\t\t\t<div class=\"e-con-inner\">\n\t\t\t\t<div class=\"elementor-element elementor-element-3dad669 elementor-invisible elementor-widget elementor-widget-text-editor\" data-id=\"3dad669\" data-element_type=\"widget\" data-settings=\"{&quot;_animation&quot;:&quot;fadeInDown&quot;}\" data-widget_type=\"text-editor.default\">\n\t\t\t\t<div class=\"elementor-widget-container\">\n\t\t\t<style>\/*! elementor - v3.23.0 - 15-07-2024 *\/\n.elementor-widget-text-editor.elementor-drop-cap-view-stacked .elementor-drop-cap{background-color:#69727d;color:#fff}.elementor-widget-text-editor.elementor-drop-cap-view-framed .elementor-drop-cap{color:#69727d;border:3px solid;background-color:transparent}.elementor-widget-text-editor:not(.elementor-drop-cap-view-default) .elementor-drop-cap{margin-top:8px}.elementor-widget-text-editor:not(.elementor-drop-cap-view-default) .elementor-drop-cap-letter{width:1em;height:1em}.elementor-widget-text-editor .elementor-drop-cap{float:left;text-align:center;line-height:1;font-size:50px}.elementor-widget-text-editor .elementor-drop-cap-letter{display:inline-block}<\/style>\t\t\t\t<ul><li><strong>Hagyom\u00e1nyos \u00e9rlel\u00e9s\u0171 sz\u00e1razkolb\u00e1sz (v\u00e9kony, vastag)<\/strong><\/li><li><strong>Hagyom\u00e1nyosan p\u00e1colt, f\u00fcst\u00f6lt, darabolt h\u00fasok<\/strong><\/li><li><strong>Hagyom\u00e1nyosan p\u00e1colt, f\u00fcst\u00f6lt-f\u0151tt szalonnaf\u00e9l\u00e9k<\/strong><\/li><li><strong>Diszn\u00f3sajt<\/strong><\/li><li><strong>M\u00e1jas term\u00e9k<\/strong><\/li><li><strong>Ny\u00e1ri turistaszal\u00e1mi<\/strong><\/li><\/ul>\t\t\t\t\t\t<\/div>\n\t\t\t\t<\/div>\n\t\t\t\t\t<\/div>\n\t\t\t\t<\/div>\n\t\t<div class=\"elementor-element elementor-element-5934351 e-flex e-con-boxed e-con e-parent\" data-id=\"5934351\" data-element_type=\"container\">\n\t\t\t\t\t<div class=\"e-con-inner\">\n\t\t\t\t<div class=\"elementor-element elementor-element-befe6bc elementor-widget elementor-widget-image-gallery\" data-id=\"befe6bc\" data-element_type=\"widget\" data-widget_type=\"image-gallery.default\">\n\t\t\t\t<div class=\"elementor-widget-container\">\n\t\t\t<style>\/*! elementor - v3.23.0 - 15-07-2024 *\/\n.elementor-image-gallery .gallery-item{display:inline-block;text-align:center;vertical-align:top;width:100%;max-width:100%;margin:0 auto}.elementor-image-gallery .gallery-item img{margin:0 auto}.elementor-image-gallery .gallery-item .gallery-caption{margin:0}.elementor-image-gallery figure img{display:block}.elementor-image-gallery figure figcaption{width:100%}.gallery-spacing-custom .elementor-image-gallery .gallery-icon{padding:0}@media (min-width:768px){.elementor-image-gallery .gallery-columns-2 .gallery-item{max-width:50%}.elementor-image-gallery .gallery-columns-3 .gallery-item{max-width:33.33%}.elementor-image-gallery .gallery-columns-4 .gallery-item{max-width:25%}.elementor-image-gallery .gallery-columns-5 .gallery-item{max-width:20%}.elementor-image-gallery .gallery-columns-6 .gallery-item{max-width:16.666%}.elementor-image-gallery .gallery-columns-7 .gallery-item{max-width:14.28%}.elementor-image-gallery .gallery-columns-8 .gallery-item{max-width:12.5%}.elementor-image-gallery .gallery-columns-9 .gallery-item{max-width:11.11%}.elementor-image-gallery .gallery-columns-10 .gallery-item{max-width:10%}}@media (min-width:480px) and (max-width:767px){.elementor-image-gallery .gallery.gallery-columns-2 .gallery-item,.elementor-image-gallery .gallery.gallery-columns-3 .gallery-item,.elementor-image-gallery .gallery.gallery-columns-4 .gallery-item,.elementor-image-gallery .gallery.gallery-columns-5 .gallery-item,.elementor-image-gallery .gallery.gallery-columns-6 .gallery-item,.elementor-image-gallery .gallery.gallery-columns-7 .gallery-item,.elementor-image-gallery .gallery.gallery-columns-8 .gallery-item,.elementor-image-gallery .gallery.gallery-columns-9 .gallery-item,.elementor-image-gallery .gallery.gallery-columns-10 .gallery-item{max-width:50%}}@media (max-width:479px){.elementor-image-gallery .gallery.gallery-columns-2 .gallery-item,.elementor-image-gallery .gallery.gallery-columns-3 .gallery-item,.elementor-image-gallery .gallery.gallery-columns-4 .gallery-item,.elementor-image-gallery .gallery.gallery-columns-5 .gallery-item,.elementor-image-gallery .gallery.gallery-columns-6 .gallery-item,.elementor-image-gallery .gallery.gallery-columns-7 .gallery-item,.elementor-image-gallery .gallery.gallery-columns-8 .gallery-item,.elementor-image-gallery .gallery.gallery-columns-9 .gallery-item,.elementor-image-gallery .gallery.gallery-columns-10 .gallery-item{max-width:100%}}<\/style>\t\t<div class=\"elementor-image-gallery\">\n\t\t\t<div id='gallery-1' class='gallery galleryid-80 gallery-columns-9 gallery-size-thumbnail'><figure class='gallery-item'>\n\t\t\t<div class='gallery-icon landscape'>\n\t\t\t\t<a data-elementor-open-lightbox=\"yes\" data-elementor-lightbox-slideshow=\"befe6bc\" data-elementor-lightbox-title=\"Cs\u00edp\u0151s debreceni\" data-e-action-hash=\"#elementor-action%3Aaction%3Dlightbox%26settings%3DeyJpZCI6MTEzLCJ1cmwiOiJodHRwOlwvXC93d3cucGFsb2NodXMuY29tXC93cC1jb250ZW50XC91cGxvYWRzXC8yMDIzXC8xMVwvMDMuanBnIiwic2xpZGVzaG93IjoiYmVmZTZiYyJ9\" href='http:\/\/www.palochus.com\/wp-content\/uploads\/2023\/11\/03.jpg'><img decoding=\"async\" width=\"150\" height=\"150\" src=\"http:\/\/www.palochus.com\/wp-content\/uploads\/2023\/11\/03-150x150.jpg\" class=\"attachment-thumbnail size-thumbnail\" alt=\"\" aria-describedby=\"gallery-1-113\" sizes=\"100vw\" \/><\/a>\n\t\t\t<\/div>\n\t\t\t\t<figcaption class='wp-caption-text gallery-caption' id='gallery-1-113'>\n\t\t\t\tcsipos debreceni\n\t\t\t\t<\/figcaption><\/figure><figure class='gallery-item'>\n\t\t\t<div class='gallery-icon landscape'>\n\t\t\t\t<a data-elementor-open-lightbox=\"yes\" data-elementor-lightbox-slideshow=\"befe6bc\" data-elementor-lightbox-title=\"Pal\u00f3c ny\u00e1ri turista szal\u00e1mi\" data-e-action-hash=\"#elementor-action%3Aaction%3Dlightbox%26settings%3DeyJpZCI6MTE3LCJ1cmwiOiJodHRwOlwvXC93d3cucGFsb2NodXMuY29tXC93cC1jb250ZW50XC91cGxvYWRzXC8yMDIzXC8xMVwvMDYuanBnIiwic2xpZGVzaG93IjoiYmVmZTZiYyJ9\" href='http:\/\/www.palochus.com\/wp-content\/uploads\/2023\/11\/06.jpg'><img decoding=\"async\" width=\"150\" height=\"150\" src=\"http:\/\/www.palochus.com\/wp-content\/uploads\/2023\/11\/06-150x150.jpg\" class=\"attachment-thumbnail size-thumbnail\" alt=\"\" aria-describedby=\"gallery-1-117\" sizes=\"100vw\" \/><\/a>\n\t\t\t<\/div>\n\t\t\t\t<figcaption class='wp-caption-text gallery-caption' id='gallery-1-117'>\n\t\t\t\tpaloc nyari turista szalami\n\t\t\t\t<\/figcaption><\/figure><figure class='gallery-item'>\n\t\t\t<div class='gallery-icon landscape'>\n\t\t\t\t<a data-elementor-open-lightbox=\"yes\" data-elementor-lightbox-slideshow=\"befe6bc\" data-elementor-lightbox-title=\"Pal\u00f3c nyelv sajt\" data-e-action-hash=\"#elementor-action%3Aaction%3Dlightbox%26settings%3DeyJpZCI6MTI1LCJ1cmwiOiJodHRwOlwvXC93d3cucGFsb2NodXMuY29tXC93cC1jb250ZW50XC91cGxvYWRzXC8yMDIzXC8xMVwvMTAuanBnIiwic2xpZGVzaG93IjoiYmVmZTZiYyJ9\" href='http:\/\/www.palochus.com\/wp-content\/uploads\/2023\/11\/10.jpg'><img decoding=\"async\" width=\"150\" height=\"150\" src=\"http:\/\/www.palochus.com\/wp-content\/uploads\/2023\/11\/10-150x150.jpg\" class=\"attachment-thumbnail size-thumbnail\" alt=\"\" aria-describedby=\"gallery-1-125\" sizes=\"100vw\" \/><\/a>\n\t\t\t<\/div>\n\t\t\t\t<figcaption class='wp-caption-text gallery-caption' id='gallery-1-125'>\n\t\t\t\tpaloc nyelv sajt\n\t\t\t\t<\/figcaption><\/figure><figure class='gallery-item'>\n\t\t\t<div class='gallery-icon landscape'>\n\t\t\t\t<a data-elementor-open-lightbox=\"yes\" data-elementor-lightbox-slideshow=\"befe6bc\" data-elementor-lightbox-title=\"Pal\u00f3c csemege kolb\u00e1sz\" data-e-action-hash=\"#elementor-action%3Aaction%3Dlightbox%26settings%3DeyJpZCI6MTE2LCJ1cmwiOiJodHRwOlwvXC93d3cucGFsb2NodXMuY29tXC93cC1jb250ZW50XC91cGxvYWRzXC8yMDIzXC8xMVwvMDUuanBnIiwic2xpZGVzaG93IjoiYmVmZTZiYyJ9\" href='http:\/\/www.palochus.com\/wp-content\/uploads\/2023\/11\/05.jpg'><img loading=\"lazy\" decoding=\"async\" width=\"150\" height=\"150\" src=\"http:\/\/www.palochus.com\/wp-content\/uploads\/2023\/11\/05-150x150.jpg\" class=\"attachment-thumbnail size-thumbnail\" alt=\"\" aria-describedby=\"gallery-1-116\" sizes=\"100vw\" \/><\/a>\n\t\t\t<\/div>\n\t\t\t\t<figcaption class='wp-caption-text gallery-caption' id='gallery-1-116'>\n\t\t\t\tpaloc csemege kolbasz\n\t\t\t\t<\/figcaption><\/figure><figure class='gallery-item'>\n\t\t\t<div class='gallery-icon landscape'>\n\t\t\t\t<a data-elementor-open-lightbox=\"yes\" data-elementor-lightbox-slideshow=\"befe6bc\" data-elementor-lightbox-title=\"Pal\u00f3c ny\u00e1ri turista szal\u00e1mi\" data-e-action-hash=\"#elementor-action%3Aaction%3Dlightbox%26settings%3DeyJpZCI6MTE4LCJ1cmwiOiJodHRwOlwvXC93d3cucGFsb2NodXMuY29tXC93cC1jb250ZW50XC91cGxvYWRzXC8yMDIzXC8xMVwvMDYuMS5qcGciLCJzbGlkZXNob3ciOiJiZWZlNmJjIn0%3D\" href='http:\/\/www.palochus.com\/wp-content\/uploads\/2023\/11\/06.1.jpg'><img loading=\"lazy\" decoding=\"async\" width=\"150\" height=\"150\" src=\"http:\/\/www.palochus.com\/wp-content\/uploads\/2023\/11\/06.1-150x150.jpg\" class=\"attachment-thumbnail size-thumbnail\" alt=\"\" aria-describedby=\"gallery-1-118\" sizes=\"100vw\" \/><\/a>\n\t\t\t<\/div>\n\t\t\t\t<figcaption class='wp-caption-text gallery-caption' id='gallery-1-118'>\n\t\t\t\tpaloc nyari turista szalami\n\t\t\t\t<\/figcaption><\/figure><figure class='gallery-item'>\n\t\t\t<div class='gallery-icon landscape'>\n\t\t\t\t<a data-elementor-open-lightbox=\"yes\" data-elementor-lightbox-slideshow=\"befe6bc\" data-elementor-lightbox-title=\"Pal\u00f3c sert\u00e9szs\u00edr\" data-e-action-hash=\"#elementor-action%3Aaction%3Dlightbox%26settings%3DeyJpZCI6MTIzLCJ1cmwiOiJodHRwOlwvXC93d3cucGFsb2NodXMuY29tXC93cC1jb250ZW50XC91cGxvYWRzXC8yMDIzXC8xMVwvMTIuanBnIiwic2xpZGVzaG93IjoiYmVmZTZiYyJ9\" href='http:\/\/www.palochus.com\/wp-content\/uploads\/2023\/11\/12.jpg'><img loading=\"lazy\" decoding=\"async\" width=\"150\" height=\"150\" src=\"http:\/\/www.palochus.com\/wp-content\/uploads\/2023\/11\/12-150x150.jpg\" class=\"attachment-thumbnail size-thumbnail\" alt=\"\" aria-describedby=\"gallery-1-123\" sizes=\"100vw\" \/><\/a>\n\t\t\t<\/div>\n\t\t\t\t<figcaption class='wp-caption-text gallery-caption' id='gallery-1-123'>\n\t\t\t\tpaloc serteszsir\n\t\t\t\t<\/figcaption><\/figure><figure class='gallery-item'>\n\t\t\t<div class='gallery-icon landscape'>\n\t\t\t\t<a data-elementor-open-lightbox=\"yes\" data-elementor-lightbox-slideshow=\"befe6bc\" data-elementor-lightbox-title=\"Pal\u00f3c angol szalonna\" data-e-action-hash=\"#elementor-action%3Aaction%3Dlightbox%26settings%3DeyJpZCI6MTI4LCJ1cmwiOiJodHRwOlwvXC93d3cucGFsb2NodXMuY29tXC93cC1jb250ZW50XC91cGxvYWRzXC8yMDIzXC8xMVwvMTcuanBnIiwic2xpZGVzaG93IjoiYmVmZTZiYyJ9\" href='http:\/\/www.palochus.com\/wp-content\/uploads\/2023\/11\/17.jpg'><img loading=\"lazy\" decoding=\"async\" width=\"150\" height=\"150\" src=\"http:\/\/www.palochus.com\/wp-content\/uploads\/2023\/11\/17-150x150.jpg\" class=\"attachment-thumbnail size-thumbnail\" alt=\"\" aria-describedby=\"gallery-1-128\" sizes=\"100vw\" \/><\/a>\n\t\t\t<\/div>\n\t\t\t\t<figcaption class='wp-caption-text gallery-caption' id='gallery-1-128'>\n\t\t\t\tpaloc angol szalonna\n\t\t\t\t<\/figcaption><\/figure><figure class='gallery-item'>\n\t\t\t<div class='gallery-icon landscape'>\n\t\t\t\t<a data-elementor-open-lightbox=\"yes\" data-elementor-lightbox-slideshow=\"befe6bc\" data-elementor-lightbox-title=\"Csemege debreceni\" data-e-action-hash=\"#elementor-action%3Aaction%3Dlightbox%26settings%3DeyJpZCI6MTEwLCJ1cmwiOiJodHRwOlwvXC93d3cucGFsb2NodXMuY29tXC93cC1jb250ZW50XC91cGxvYWRzXC8yMDIzXC8xMVwvMDEtY3NlbWVnZS1kZWJyZWNlbmktMDItc2NhbGVkLmpwZyIsInNsaWRlc2hvdyI6ImJlZmU2YmMifQ%3D%3D\" href='http:\/\/www.palochus.com\/wp-content\/uploads\/2023\/11\/01-csemege-debreceni-02-scaled.jpg'><img loading=\"lazy\" decoding=\"async\" width=\"150\" height=\"150\" src=\"http:\/\/www.palochus.com\/wp-content\/uploads\/2023\/11\/01-csemege-debreceni-02-150x150.jpg\" class=\"attachment-thumbnail size-thumbnail\" alt=\"\" aria-describedby=\"gallery-1-110\" sizes=\"100vw\" \/><\/a>\n\t\t\t<\/div>\n\t\t\t\t<figcaption class='wp-caption-text gallery-caption' id='gallery-1-110'>\n\t\t\t\tcsemege debreceni\n\t\t\t\t<\/figcaption><\/figure><figure class='gallery-item'>\n\t\t\t<div class='gallery-icon landscape'>\n\t\t\t\t<a data-elementor-open-lightbox=\"yes\" data-elementor-lightbox-slideshow=\"befe6bc\" data-elementor-lightbox-title=\"Pal\u00f3c sz\u00edvsonka\" data-e-action-hash=\"#elementor-action%3Aaction%3Dlightbox%26settings%3DeyJpZCI6MTIyLCJ1cmwiOiJodHRwOlwvXC93d3cucGFsb2NodXMuY29tXC93cC1jb250ZW50XC91cGxvYWRzXC8yMDIzXC8xMVwvMTMuanBnIiwic2xpZGVzaG93IjoiYmVmZTZiYyJ9\" href='http:\/\/www.palochus.com\/wp-content\/uploads\/2023\/11\/13.jpg'><img loading=\"lazy\" decoding=\"async\" width=\"150\" height=\"150\" src=\"http:\/\/www.palochus.com\/wp-content\/uploads\/2023\/11\/13-150x150.jpg\" class=\"attachment-thumbnail size-thumbnail\" alt=\"\" aria-describedby=\"gallery-1-122\" sizes=\"100vw\" \/><\/a>\n\t\t\t<\/div>\n\t\t\t\t<figcaption class='wp-caption-text gallery-caption' id='gallery-1-122'>\n\t\t\t\tpaloc szivsonka\n\t\t\t\t<\/figcaption><\/figure><figure class='gallery-item'>\n\t\t\t<div class='gallery-icon landscape'>\n\t\t\t\t<a data-elementor-open-lightbox=\"yes\" data-elementor-lightbox-slideshow=\"befe6bc\" data-elementor-lightbox-title=\"Pal\u00f3c v\u00e9res hurka\" data-e-action-hash=\"#elementor-action%3Aaction%3Dlightbox%26settings%3DeyJpZCI6MTE5LCJ1cmwiOiJodHRwOlwvXC93d3cucGFsb2NodXMuY29tXC93cC1jb250ZW50XC91cGxvYWRzXC8yMDIzXC8xMVwvMDcuanBnIiwic2xpZGVzaG93IjoiYmVmZTZiYyJ9\" href='http:\/\/www.palochus.com\/wp-content\/uploads\/2023\/11\/07.jpg'><img loading=\"lazy\" decoding=\"async\" width=\"150\" height=\"150\" src=\"http:\/\/www.palochus.com\/wp-content\/uploads\/2023\/11\/07-150x150.jpg\" class=\"attachment-thumbnail size-thumbnail\" alt=\"\" aria-describedby=\"gallery-1-119\" sizes=\"100vw\" \/><\/a>\n\t\t\t<\/div>\n\t\t\t\t<figcaption class='wp-caption-text gallery-caption' id='gallery-1-119'>\n\t\t\t\tpaloc veres hurka\n\t\t\t\t<\/figcaption><\/figure><figure class='gallery-item'>\n\t\t\t<div class='gallery-icon landscape'>\n\t\t\t\t<a data-elementor-open-lightbox=\"yes\" data-elementor-lightbox-slideshow=\"befe6bc\" data-elementor-lightbox-title=\"F\u0151z\u0151kolb\u00e1sz\" data-e-action-hash=\"#elementor-action%3Aaction%3Dlightbox%26settings%3DeyJpZCI6MTE0LCJ1cmwiOiJodHRwOlwvXC93d3cucGFsb2NodXMuY29tXC93cC1jb250ZW50XC91cGxvYWRzXC8yMDIzXC8xMVwvMDQuanBnIiwic2xpZGVzaG93IjoiYmVmZTZiYyJ9\" href='http:\/\/www.palochus.com\/wp-content\/uploads\/2023\/11\/04.jpg'><img loading=\"lazy\" decoding=\"async\" width=\"150\" height=\"150\" src=\"http:\/\/www.palochus.com\/wp-content\/uploads\/2023\/11\/04-150x150.jpg\" class=\"attachment-thumbnail size-thumbnail\" alt=\"\" aria-describedby=\"gallery-1-114\" sizes=\"100vw\" \/><\/a>\n\t\t\t<\/div>\n\t\t\t\t<figcaption class='wp-caption-text gallery-caption' id='gallery-1-114'>\n\t\t\t\tfozokolbasz\n\t\t\t\t<\/figcaption><\/figure><figure class='gallery-item'>\n\t\t\t<div class='gallery-icon landscape'>\n\t\t\t\t<a data-elementor-open-lightbox=\"yes\" data-elementor-lightbox-slideshow=\"befe6bc\" data-elementor-lightbox-title=\"Pal\u00f3c f\u00fcst\u00f6lt sert\u00e9s tarja\" data-e-action-hash=\"#elementor-action%3Aaction%3Dlightbox%26settings%3DeyJpZCI6MTMwLCJ1cmwiOiJodHRwOlwvXC93d3cucGFsb2NodXMuY29tXC93cC1jb250ZW50XC91cGxvYWRzXC8yMDIzXC8xMVwvMTYuanBnIiwic2xpZGVzaG93IjoiYmVmZTZiYyJ9\" href='http:\/\/www.palochus.com\/wp-content\/uploads\/2023\/11\/16.jpg'><img loading=\"lazy\" decoding=\"async\" width=\"150\" height=\"150\" src=\"http:\/\/www.palochus.com\/wp-content\/uploads\/2023\/11\/16-150x150.jpg\" class=\"attachment-thumbnail size-thumbnail\" alt=\"\" aria-describedby=\"gallery-1-130\" sizes=\"100vw\" \/><\/a>\n\t\t\t<\/div>\n\t\t\t\t<figcaption class='wp-caption-text gallery-caption' id='gallery-1-130'>\n\t\t\t\tpaloc fustolt sertes tarja\n\t\t\t\t<\/figcaption><\/figure><figure class='gallery-item'>\n\t\t\t<div class='gallery-icon landscape'>\n\t\t\t\t<a data-elementor-open-lightbox=\"yes\" data-elementor-lightbox-slideshow=\"befe6bc\" data-elementor-lightbox-title=\"F\u00fcst\u00f6lt kolozsv\u00e1ri szalonna\" data-e-action-hash=\"#elementor-action%3Aaction%3Dlightbox%26settings%3DeyJpZCI6MTIxLCJ1cmwiOiJodHRwOlwvXC93d3cucGFsb2NodXMuY29tXC93cC1jb250ZW50XC91cGxvYWRzXC8yMDIzXC8xMVwvMTQuanBnIiwic2xpZGVzaG93IjoiYmVmZTZiYyJ9\" href='http:\/\/www.palochus.com\/wp-content\/uploads\/2023\/11\/14.jpg'><img loading=\"lazy\" decoding=\"async\" width=\"150\" height=\"150\" src=\"http:\/\/www.palochus.com\/wp-content\/uploads\/2023\/11\/14-150x150.jpg\" class=\"attachment-thumbnail size-thumbnail\" alt=\"\" aria-describedby=\"gallery-1-121\" sizes=\"100vw\" \/><\/a>\n\t\t\t<\/div>\n\t\t\t\t<figcaption class='wp-caption-text gallery-caption' id='gallery-1-121'>\n\t\t\t\tfustolt kolozsvari szalonna\n\t\t\t\t<\/figcaption><\/figure><figure class='gallery-item'>\n\t\t\t<div class='gallery-icon landscape'>\n\t\t\t\t<a data-elementor-open-lightbox=\"yes\" data-elementor-lightbox-slideshow=\"befe6bc\" data-elementor-lightbox-title=\"Csemege debreceni\" data-e-action-hash=\"#elementor-action%3Aaction%3Dlightbox%26settings%3DeyJpZCI6MTEyLCJ1cmwiOiJodHRwOlwvXC93d3cucGFsb2NodXMuY29tXC93cC1jb250ZW50XC91cGxvYWRzXC8yMDIzXC8xMVwvMDIuanBnIiwic2xpZGVzaG93IjoiYmVmZTZiYyJ9\" href='http:\/\/www.palochus.com\/wp-content\/uploads\/2023\/11\/02.jpg'><img loading=\"lazy\" decoding=\"async\" width=\"150\" height=\"150\" src=\"http:\/\/www.palochus.com\/wp-content\/uploads\/2023\/11\/02-150x150.jpg\" class=\"attachment-thumbnail size-thumbnail\" alt=\"\" aria-describedby=\"gallery-1-112\" sizes=\"100vw\" \/><\/a>\n\t\t\t<\/div>\n\t\t\t\t<figcaption class='wp-caption-text gallery-caption' id='gallery-1-112'>\n\t\t\t\tcsemege debreceni\n\t\t\t\t<\/figcaption><\/figure><figure class='gallery-item'>\n\t\t\t<div class='gallery-icon landscape'>\n\t\t\t\t<a data-elementor-open-lightbox=\"yes\" data-elementor-lightbox-slideshow=\"befe6bc\" data-elementor-lightbox-title=\"Pal\u00f3c paprik\u00e1s toka szalonna\" data-e-action-hash=\"#elementor-action%3Aaction%3Dlightbox%26settings%3DeyJpZCI6MTI2LCJ1cmwiOiJodHRwOlwvXC93d3cucGFsb2NodXMuY29tXC93cC1jb250ZW50XC91cGxvYWRzXC8yMDIzXC8xMVwvMDguanBnIiwic2xpZGVzaG93IjoiYmVmZTZiYyJ9\" href='http:\/\/www.palochus.com\/wp-content\/uploads\/2023\/11\/08.jpg'><img loading=\"lazy\" decoding=\"async\" width=\"150\" height=\"150\" src=\"http:\/\/www.palochus.com\/wp-content\/uploads\/2023\/11\/08-150x150.jpg\" class=\"attachment-thumbnail size-thumbnail\" alt=\"\" aria-describedby=\"gallery-1-126\" sizes=\"100vw\" \/><\/a>\n\t\t\t<\/div>\n\t\t\t\t<figcaption class='wp-caption-text gallery-caption' id='gallery-1-126'>\n\t\t\t\tpaloc paprikas toka szalonna\n\t\t\t\t<\/figcaption><\/figure><figure class='gallery-item'>\n\t\t\t<div class='gallery-icon landscape'>\n\t\t\t\t<a data-elementor-open-lightbox=\"yes\" data-elementor-lightbox-slideshow=\"befe6bc\" data-elementor-lightbox-title=\"Pal\u00f3c h\u00e1zi m\u00e1jas\" data-e-action-hash=\"#elementor-action%3Aaction%3Dlightbox%26settings%3DeyJpZCI6MTI3LCJ1cmwiOiJodHRwOlwvXC93d3cucGFsb2NodXMuY29tXC93cC1jb250ZW50XC91cGxvYWRzXC8yMDIzXC8xMVwvMDkuanBnIiwic2xpZGVzaG93IjoiYmVmZTZiYyJ9\" href='http:\/\/www.palochus.com\/wp-content\/uploads\/2023\/11\/09.jpg'><img loading=\"lazy\" decoding=\"async\" width=\"150\" height=\"150\" src=\"http:\/\/www.palochus.com\/wp-content\/uploads\/2023\/11\/09-150x150.jpg\" class=\"attachment-thumbnail size-thumbnail\" alt=\"\" aria-describedby=\"gallery-1-127\" sizes=\"100vw\" \/><\/a>\n\t\t\t<\/div>\n\t\t\t\t<figcaption class='wp-caption-text gallery-caption' id='gallery-1-127'>\n\t\t\t\tpaloc hazi majas\n\t\t\t\t<\/figcaption><\/figure><figure class='gallery-item'>\n\t\t\t<div class='gallery-icon landscape'>\n\t\t\t\t<a data-elementor-open-lightbox=\"yes\" data-elementor-lightbox-slideshow=\"befe6bc\" data-elementor-lightbox-title=\"Pal\u00f3c f\u00fcst\u00f6lt darabolt comb\" data-e-action-hash=\"#elementor-action%3Aaction%3Dlightbox%26settings%3DeyJpZCI6MTI5LCJ1cmwiOiJodHRwOlwvXC93d3cucGFsb2NodXMuY29tXC93cC1jb250ZW50XC91cGxvYWRzXC8yMDIzXC8xMVwvMTguanBnIiwic2xpZGVzaG93IjoiYmVmZTZiYyJ9\" href='http:\/\/www.palochus.com\/wp-content\/uploads\/2023\/11\/18.jpg'><img loading=\"lazy\" decoding=\"async\" width=\"150\" height=\"150\" src=\"http:\/\/www.palochus.com\/wp-content\/uploads\/2023\/11\/18-150x150.jpg\" class=\"attachment-thumbnail size-thumbnail\" alt=\"\" aria-describedby=\"gallery-1-129\" sizes=\"100vw\" \/><\/a>\n\t\t\t<\/div>\n\t\t\t\t<figcaption class='wp-caption-text gallery-caption' id='gallery-1-129'>\n\t\t\t\tpaloc fustolt darabolt comb\n\t\t\t\t<\/figcaption><\/figure><figure class='gallery-item'>\n\t\t\t<div class='gallery-icon landscape'>\n\t\t\t\t<a data-elementor-open-lightbox=\"yes\" data-elementor-lightbox-slideshow=\"befe6bc\" data-elementor-lightbox-title=\"M\u00e1jashurka\" data-e-action-hash=\"#elementor-action%3Aaction%3Dlightbox%26settings%3DeyJpZCI6MTI0LCJ1cmwiOiJodHRwOlwvXC93d3cucGFsb2NodXMuY29tXC93cC1jb250ZW50XC91cGxvYWRzXC8yMDIzXC8xMVwvMTEuanBnIiwic2xpZGVzaG93IjoiYmVmZTZiYyJ9\" href='http:\/\/www.palochus.com\/wp-content\/uploads\/2023\/11\/11.jpg'><img loading=\"lazy\" decoding=\"async\" width=\"150\" height=\"150\" src=\"http:\/\/www.palochus.com\/wp-content\/uploads\/2023\/11\/11-150x150.jpg\" class=\"attachment-thumbnail size-thumbnail\" alt=\"\" aria-describedby=\"gallery-1-124\" sizes=\"100vw\" \/><\/a>\n\t\t\t<\/div>\n\t\t\t\t<figcaption class='wp-caption-text gallery-caption' id='gallery-1-124'>\n\t\t\t\tmajashurka\n\t\t\t\t<\/figcaption><\/figure>\n\t\t<\/div>\n\t\t<\/div>\n\t\t\t\t<\/div>\n\t\t\t\t<\/div>\n\t\t\t\t\t<\/div>\n\t\t\t\t<\/div>\n\t\t\t\t<\/div>\n\t\t","protected":false},"excerpt":{"rendered":"<p>Hagyom\u00e1nyos \u00e9rlel\u00e9s\u0171 sz\u00e1razkolb\u00e1sz (v\u00e9kony, vastag) Hagyom\u00e1nyosan p\u00e1colt, f\u00fcst\u00f6lt, darabolt h\u00fasok Hagyom\u00e1nyosan p\u00e1colt, f\u00fcst\u00f6lt-f\u0151tt szalonnaf\u00e9l\u00e9k Diszn\u00f3sajt M\u00e1jas term\u00e9k Ny\u00e1ri turistaszal\u00e1mi paloc veres hurka paloc hazi majas csemege debreceni paloc angol szalonna paloc serteszsir majashurka paloc nyari turista szalami paloc fustolt sertes tarja fozokolbasz paloc fustolt darabolt comb paloc csemege kolbasz paloc szivsonka csemege debreceni fustolt kolozsvari &hellip; <\/p>\n<p class=\"link-more\"><a href=\"http:\/\/www.palochus.com\/?page_id=80\" class=\"more-link\">Read more<span class=\"screen-reader-text\"> &#8222;TERM\u00c9KEINK&#8221;<\/span><\/a><\/p>\n","protected":false},"author":1,"featured_media":0,"parent":0,"menu_order":0,"comment_status":"closed","ping_status":"closed","template":"","meta":{"footnotes":""},"class_list":["post-80","page","type-page","status-publish","hentry"],"_links":{"self":[{"href":"http:\/\/www.palochus.com\/index.php?rest_route=\/wp\/v2\/pages\/80","targetHints":{"allow":["GET"]}}],"collection":[{"href":"http:\/\/www.palochus.com\/index.php?rest_route=\/wp\/v2\/pages"}],"about":[{"href":"http:\/\/www.palochus.com\/index.php?rest_route=\/wp\/v2\/types\/page"}],"author":[{"embeddable":true,"href":"http:\/\/www.palochus.com\/index.php?rest_route=\/wp\/v2\/users\/1"}],"replies":[{"embeddable":true,"href":"http:\/\/www.palochus.com\/index.php?rest_route=%2Fwp%2Fv2%2Fcomments&post=80"}],"version-history":[{"count":28,"href":"http:\/\/www.palochus.com\/index.php?rest_route=\/wp\/v2\/pages\/80\/revisions"}],"predecessor-version":[{"id":148,"href":"http:\/\/www.palochus.com\/index.php?rest_route=\/wp\/v2\/pages\/80\/revisions\/148"}],"wp:attachment":[{"href":"http:\/\/www.palochus.com\/index.php?rest_route=%2Fwp%2Fv2%2Fmedia&parent=80"}],"curies":[{"name":"wp","href":"https:\/\/api.w.org\/{rel}","templated":true}]}}